{"id":9,"date":"2021-06-29T11:08:24","date_gmt":"2021-06-29T09:08:24","guid":{"rendered":"https:\/\/tensegrity.se\/?page_id=9"},"modified":"2023-03-31T11:57:24","modified_gmt":"2023-03-31T09:57:24","slug":"home","status":"publish","type":"page","link":"https:\/\/tensegrity.se\/sv\/","title":{"rendered":"Home"},"content":{"rendered":"<div class=\"wpb-content-wrapper\"><p>[vc_row css_animation=&#8221;&#8221; row_type=&#8221;row&#8221; use_row_as_full_screen_section=&#8221;no&#8221; type=&#8221;full_width&#8221; angled_section=&#8221;no&#8221; text_align=&#8221;left&#8221; background_image_as_pattern=&#8221;without_pattern&#8221;][vc_column]\n\t\t\t<!-- START Slider 1 REVOLUTION SLIDER 6.6.20 --><p class=\"rs-p-wp-fix\"><\/p>\n\t\t\t<rs-module-wrap id=\"rev_slider_1_1_wrapper\" data-source=\"gallery\" style=\"visibility:hidden;background:transparent;padding:0;margin:0px auto;margin-top:0;margin-bottom:0;\">\n\t\t\t\t<rs-module id=\"rev_slider_1_1\" style=\"\" data-version=\"6.6.20\">\n\t\t\t\t\t<rs-slides style=\"overflow: hidden; position: absolute;\">\n\t\t\t\t\t\t<rs-slide style=\"position: absolute;\" data-key=\"rs-1\" data-title=\"Slide\" data-anim=\"ms:1000;r:0;\" data-in=\"o:0;\" data-out=\"a:false;\">\n\t\t\t\t\t\t\t<img decoding=\"async\" src=\"\/\/tensegrity.se\/wp-content\/plugins\/revslider\/public\/assets\/assets\/dummy.png\" alt=\"\" title=\"image0\" width=\"2560\" height=\"1000\" class=\"rev-slidebg tp-rs-img rs-lazyload\" data-lazyload=\"\/\/tensegrity.se\/wp-content\/uploads\/2021\/12\/image0.jpg\" data-parallax=\"off\" data-no-retina>\n<!--\n\t\t\t\t\t\t\t--><rs-layer\n\t\t\t\t\t\t\t\tid=\"slider-1-slide-1-layer-0\" \n\t\t\t\t\t\t\t\tdata-type=\"text\"\n\t\t\t\t\t\t\t\tdata-xy=\"x:c;xo:0,0,0,2px;y:m;yo:-64px,-64px,-64px,-100px;\"\n\t\t\t\t\t\t\t\tdata-text=\"w:normal;s:55,55,55,45;l:55,70,70,70;fw:700;\"\n\t\t\t\t\t\t\t\tdata-rsp_o=\"off\"\n\t\t\t\t\t\t\t\tdata-rsp_bd=\"off\"\n\t\t\t\t\t\t\t\tdata-frame_999=\"o:0;st:w;\"\n\t\t\t\t\t\t\t\tstyle=\"z-index:5;font-family:'Raleway';\"\n\t\t\t\t\t\t\t>BUILT TO LAST \n\t\t\t\t\t\t\t<\/rs-layer><!--\n-->\t\t\t\t\t\t<\/rs-slide>\n\t\t\t\t\t<\/rs-slides>\n\t\t\t\t<\/rs-module>\n\t\t\t\t<script>\n\t\t\t\t\tsetREVStartSize({c: 'rev_slider_1_1',rl:[1240,1024,778,480],el:[1000,768,650,600],gw:[2560,1024,778,480],gh:[1000,768,650,600],type:'standard',justify:'',layout:'fullwidth',mh:\"0\"});if (window.RS_MODULES!==undefined && window.RS_MODULES.modules!==undefined && window.RS_MODULES.modules[\"revslider11\"]!==undefined) {window.RS_MODULES.modules[\"revslider11\"].once = false;window.revapi1 = undefined;if (window.RS_MODULES.checkMinimal!==undefined) window.RS_MODULES.checkMinimal()}\n\t\t\t\t<\/script>\n\t\t\t<\/rs-module-wrap>\n\t\t\t<!-- END REVOLUTION SLIDER -->\n[\/vc_column][\/vc_row][vc_row css_animation=&#8221;&#8221; row_type=&#8221;row&#8221; use_row_as_full_screen_section=&#8221;no&#8221; type=&#8221;full_width&#8221; angled_section=&#8221;no&#8221; text_align=&#8221;left&#8221; background_image_as_pattern=&#8221;without_pattern&#8221; css=&#8221;.vc_custom_1624969994265{background-image: url(https:\/\/tensegrity.se\/wp-content\/uploads\/2021\/06\/b081403b6f.png?id=34) !important;}&#8221; z_index=&#8221;&#8221; el_class=&#8221;section_2&#8243;][vc_column][vc_row_inner row_type=&#8221;row&#8221; type=&#8221;grid&#8221; text_align=&#8221;left&#8221; css_animation=&#8221;&#8221;][vc_column_inner el_class=&#8221;text&#8221; width=&#8221;1\/2&#8243;][vc_column_text el_class=&#8221;padding&#8221;]<\/p>\n<h1 class=\"title\">HAND-BUILT WHEELS OF THE HIGHEST QUALITY<\/h1>\n<p>[\/vc_column_text][vc_column_text]The goal for me to start Tensegrity.se has been to build wheels of the highest class adapted to each cyclist&#8217;s individual needs and wishes. All wheels that leave my workshop are hand built and carefully reviewed by me personally to give you the best possible conditions<\/p>\n<p>Hand-built wheels don&#8217;t have to be more expensive. As we today live in a world where we all need to take responsibility for climate impact, it is becoming increasingly important to be able to repair instead of replacing and buying new. My driving force is to build wheels that last at least as long as the cyclist. It benefits both the environment and your finances.[\/vc_column_text][vc_empty_space height=&#8221;30px&#8221;][qode_elements_holder number_of_columns=&#8221;two_columns&#8221;][qode_elements_holder_item advanced_animations=&#8221;no&#8221;]<a  itemprop=\"url\" href=\"https:\/\/tensegrity.se\/sv\/services\" target=\"_self\" data-hover-background-color='#f3f1eb' data-hover-border-color='#f3f1eb' data-hover-color='#4a4a4a' class=\"qbutton  default\" style=\"color: #4a4a4a; border-color: #ffffff; margin: 0px 0px 20px 0px; border-radius: 0px;-moz-border-radius: 0px;-webkit-border-radius: 0px; background-color: #ffffff;\">PRODUCTS<\/a>[\/qode_elements_holder_item][qode_elements_holder_item advanced_animations=&#8221;no&#8221;]<a  itemprop=\"url\" href=\"https:\/\/tensegrity.se\/sv\/projects#Section1\" target=\"_self\" data-hover-background-color='#cec7b3' data-hover-border-color='#eeeeee' data-hover-color='#eeeeee' class=\"qbutton  default\" style=\"color: #ffffff; border-color: #ffffff; margin: 0px 0px 20px 0px; border-radius: 0px;-moz-border-radius: 0px;-webkit-border-radius: 0px; background-color: #ccc6b2;\">PRODUCTS<\/a>[\/qode_elements_holder_item][\/qode_elements_holder][\/vc_column_inner][vc_column_inner el_class=&#8221;image&#8221; width=&#8221;1\/2&#8243;][vc_single_image image=&#8221;32&#8243; img_size=&#8221;full&#8221; alignment=&#8221;center&#8221; onclick=&#8221;custom_link&#8221; img_link_target=&#8221;_blank&#8221; qode_css_animation=&#8221;&#8221; link=&#8221;https:\/\/tensegrity.se\/wp-content\/uploads\/2021\/06\/Tensegrity-Flyer.pdf&#8221;][\/vc_column_inner][\/vc_row_inner][\/vc_column][\/vc_row][vc_row css_animation=&#8221;&#8221; row_type=&#8221;row&#8221; use_row_as_full_screen_section=&#8221;no&#8221; type=&#8221;grid&#8221; angled_section=&#8221;no&#8221; text_align=&#8221;left&#8221; background_image_as_pattern=&#8221;without_pattern&#8221; z_index=&#8221;&#8221; el_class=&#8221;section_3&#8243;][vc_column][vc_empty_space height=&#8221;80px&#8221;][vc_column_text el_class=&#8221;padding&#8221;]<\/p>\n<h2 class=\"title-product\" style=\"text-align: center;\">FIND THE BEST WHEEL FOR YOU<\/h2>\n<p style=\"text-align: center;\">The price of my wheels varies and is adapted to your exact needs. The best wheel purchase starts with you explaining your wishes regarding properties and use, preferably over an espresso in my workshop. I can then guide you to the right components and model.<\/p>\n<p>[\/vc_column_text][vc_empty_space height=&#8221;40px&#8221;][vc_row_inner row_type=&#8221;row&#8221; type=&#8221;full_width&#8221; text_align=&#8221;left&#8221; css_animation=&#8221;&#8221;][vc_column_inner el_class=&#8221;box-home&#8221; width=&#8221;1\/3&#8243;][vc_single_image image=&#8221;48&#8243; img_size=&#8221;full&#8221; alignment=&#8221;center&#8221; qode_css_animation=&#8221;&#8221;][vc_column_text el_class=&#8221;descr&#8221;]<\/p>\n<h3 style=\"text-align: center;\">ROAD<\/h3>\n<p style=\"text-align: center;\">Road wheels for exercisers and elite cyclists.<\/p>\n<p style=\"text-align: center;\"><a href=\"https:\/\/tensegrity.se\/sv\/services\/\">READ MORE<\/a><\/p>\n<p>[\/vc_column_text][\/vc_column_inner][vc_column_inner el_class=&#8221;box-home&#8221; width=&#8221;1\/3&#8243;][vc_single_image image=&#8221;49&#8243; img_size=&#8221;full&#8221; alignment=&#8221;center&#8221; qode_css_animation=&#8221;&#8221;][vc_column_text el_class=&#8221;descr&#8221;]<\/p>\n<h3 style=\"text-align: center;\">MTB<\/h3>\n<p style=\"text-align: center;\">Wheels that are up to serious challenges, whether you are a beginner or a pro.<\/p>\n<p style=\"text-align: center;\"><a href=\"https:\/\/tensegrity.se\/sv\/services\/\">READ MORE<\/a><\/p>\n<p>[\/vc_column_text][\/vc_column_inner][vc_column_inner el_class=&#8221;box-home&#8221; width=&#8221;1\/3&#8243;][vc_single_image image=&#8221;50&#8243; img_size=&#8221;full&#8221; alignment=&#8221;center&#8221; qode_css_animation=&#8221;&#8221;][vc_column_text el_class=&#8221;descr&#8221;]<\/p>\n<h3 style=\"text-align: center;\">CROSS \/ GRAVEL<\/h3>\n<p style=\"text-align: center;\">Wheels for those who want fast and stiff wheels with comfort on all types of surfaces.<\/p>\n<p style=\"text-align: center;\"><a href=\"https:\/\/tensegrity.se\/sv\/services\/\">READ MORE<\/a><\/p>\n<p>[\/vc_column_text][\/vc_column_inner][\/vc_row_inner][vc_empty_space height=&#8221;40px&#8221;][\/vc_column][\/vc_row][vc_row css_animation=&#8221;&#8221; row_type=&#8221;row&#8221; use_row_as_full_screen_section=&#8221;no&#8221; type=&#8221;full_width&#8221; angled_section=&#8221;no&#8221; text_align=&#8221;left&#8221; background_image_as_pattern=&#8221;without_pattern&#8221; css=&#8221;.vc_custom_1640252039935{background-image: url(https:\/\/tensegrity.se\/wp-content\/uploads\/2021\/12\/DTP_07161.jpg?id=719) !important;}&#8221; z_index=&#8221;&#8221; el_class=&#8221;section_4&#8243;][vc_column][vc_column_text]<\/p>\n<h2 style=\"text-align: center;\"><strong>WHAT ARE MY CUSTOMERS SAYING?<\/strong><\/h2>\n<p>[\/vc_column_text][vc_empty_space height=&#8221;5px&#8221;][vc_single_image image=&#8221;61&#8243; img_size=&#8221;full&#8221; alignment=&#8221;center&#8221; qode_css_animation=&#8221;&#8221;][vc_empty_space height=&#8221;35px&#8221;][vc_row_inner row_type=&#8221;row&#8221; type=&#8221;grid&#8221; text_align=&#8221;left&#8221; css_animation=&#8221;&#8221;][vc_column_inner el_class=&#8221;text&#8221; width=&#8221;1\/2&#8243;][vc_column_text]<span class=\"name\">B\u00e4sta uppgraderingen<\/span><br \/>\n<strong>Ett par handbyggda hjul fr\u00e5n Tensegrity visade sig vara den b\u00e4sta uppgradering av min Cervelo jag gjort. Bra service och kommunikation fr\u00e5n best\u00e4llning till finjustering p\u00e5 cykeln.<\/strong><br \/>\n<span class=\"cit\">MarcusR\/ CK-Hymer<\/span>[\/vc_column_text][\/vc_column_inner][vc_column_inner el_class=&#8221;text&#8221; width=&#8221;1\/2&#8243;][vc_column_text]<span class=\"name\">Hjul som verkligen h\u00e5ller<\/span><br \/>\n<strong>Med 90 pannor och en aggresiv k\u00f6rstil har jag haft sv\u00e5rt att hitta hjul som h\u00e5ller i l\u00e4ngden. Det par jag k\u00f6pt av Federico har \u00f6vertr\u00e4ffat alla mina f\u00f6rv\u00e4ntningar.<\/strong><br \/>\n<span class=\"cit\">Jonas Nilsson\/ Link\u00f6ping<\/span>[\/vc_column_text][\/vc_column_inner][\/vc_row_inner][vc_empty_space height=&#8221;70px&#8221;][qode_elements_holder number_of_columns=&#8221;one_column&#8221;][qode_elements_holder_item vertical_alignment=&#8221;middle&#8221; horizontal_alignment=&#8221;center&#8221; advanced_animations=&#8221;no&#8221;]<a  itemprop=\"url\" href=\"https:\/\/www.facebook.com\/tensegrity.se\" target=\"_blank\" data-hover-background-color='#ffffff' data-hover-border-color='#ffffff' data-hover-color='#000000' class=\"qbutton  default\" style=\"color: #000000; border-color: #ffffff; background-color: #ffffff;\">OTHER REVIEWS<\/a>[\/qode_elements_holder_item][\/qode_elements_holder][\/vc_column][\/vc_row][vc_row css_animation=&#8221;&#8221; row_type=&#8221;row&#8221; use_row_as_full_screen_section=&#8221;no&#8221; type=&#8221;grid&#8221; angled_section=&#8221;no&#8221; text_align=&#8221;left&#8221; background_image_as_pattern=&#8221;without_pattern&#8221; z_index=&#8221;&#8221;][vc_column][vc_empty_space height=&#8221;80px&#8221;][vc_column_text]<\/p>\n<h2 class=\"title-product\" style=\"text-align: center;\">COOPERATION PARTNERS<\/h2>\n<p>[\/vc_column_text][vc_empty_space height=&#8221;60px&#8221;][vc_row_inner row_type=&#8221;row&#8221; type=&#8221;full_width&#8221; text_align=&#8221;left&#8221; css_animation=&#8221;&#8221;][vc_column_inner el_class=&#8221;partner&#8221; width=&#8221;1\/4&#8243;][vc_single_image image=&#8221;68&#8243; img_size=&#8221;full&#8221; alignment=&#8221;center&#8221; qode_css_animation=&#8221;&#8221;][vc_column_text]<\/p>\n<p style=\"text-align: center;\">DT SWISS AG<\/p>\n<p>[\/vc_column_text][\/vc_column_inner][vc_column_inner el_class=&#8221;partner&#8221; width=&#8221;1\/4&#8243;][vc_single_image image=&#8221;70&#8243; img_size=&#8221;full&#8221; alignment=&#8221;center&#8221; qode_css_animation=&#8221;&#8221;][vc_column_text]<\/p>\n<p style=\"text-align: center;\">Hope Technology Ltd<\/p>\n<p>[\/vc_column_text][\/vc_column_inner][vc_column_inner el_class=&#8221;partner&#8221; width=&#8221;1\/4&#8243;][vc_single_image image=&#8221;67&#8243; img_size=&#8221;full&#8221; alignment=&#8221;center&#8221; qode_css_animation=&#8221;&#8221;][vc_column_text]<\/p>\n<p style=\"text-align: center;\">Chris King Precision Components<\/p>\n<p>[\/vc_column_text][\/vc_column_inner][vc_column_inner el_class=&#8221;partner&#8221; width=&#8221;1\/4&#8243;][vc_single_image image=&#8221;73&#8243; img_size=&#8221;full&#8221; alignment=&#8221;center&#8221; qode_css_animation=&#8221;&#8221;][vc_column_text]<\/p>\n<p style=\"text-align: center;\">tune GmbH<\/p>\n<p>[\/vc_column_text][\/vc_column_inner][\/vc_row_inner][vc_row_inner row_type=&#8221;row&#8221; type=&#8221;full_width&#8221; text_align=&#8221;left&#8221; css_animation=&#8221;&#8221;][vc_column_inner el_class=&#8221;partner&#8221; width=&#8221;1\/4&#8243;][vc_single_image image=&#8221;66&#8243; img_size=&#8221;full&#8221; alignment=&#8221;center&#8221; qode_css_animation=&#8221;&#8221;][vc_column_text]<\/p>\n<p style=\"text-align: center;\">BITEX Industrial Co<\/p>\n<p>[\/vc_column_text][\/vc_column_inner][vc_column_inner el_class=&#8221;partner&#8221; width=&#8221;1\/4&#8243;][vc_single_image image=&#8221;71&#8243; img_size=&#8221;full&#8221; alignment=&#8221;center&#8221; qode_css_animation=&#8221;&#8221;][vc_column_text]<\/p>\n<p style=\"text-align: center;\">MG-components GmbH, Co<\/p>\n<p>[\/vc_column_text][\/vc_column_inner][vc_column_inner el_class=&#8221;partner&#8221; width=&#8221;1\/4&#8243;][vc_single_image image=&#8221;69&#8243; img_size=&#8221;full&#8221; alignment=&#8221;center&#8221; qode_css_animation=&#8221;&#8221;][vc_column_text]<\/p>\n<p style=\"text-align: center;\">DUKE JPRACINGBIKE1<\/p>\n<p>[\/vc_column_text][\/vc_column_inner][vc_column_inner el_class=&#8221;partner&#8221; width=&#8221;1\/4&#8243;][vc_single_image image=&#8221;72&#8243; img_size=&#8221;full&#8221; alignment=&#8221;center&#8221; qode_css_animation=&#8221;&#8221;][vc_column_text]<\/p>\n<p style=\"text-align: center;\">SAPIM NV<\/p>\n<p>[\/vc_column_text][\/vc_column_inner][\/vc_row_inner][vc_empty_space height=&#8221;100px&#8221;][\/vc_column][\/vc_row]<\/p>\n<\/div>","protected":false},"excerpt":{"rendered":"<p>[vc_row css_animation=&#8221;&#8221; row_type=&#8221;row&#8221; use_row_as_full_screen_section=&#8221;no&#8221; type=&#8221;full_width&#8221; angled_section=&#8221;no&#8221; text_align=&#8221;left&#8221; background_image_as_pattern=&#8221;without_pattern&#8221;][vc_column][\/vc_column][\/vc_row][vc_row css_animation=&#8221;&#8221; row_type=&#8221;row&#8221; use_row_as_full_screen_section=&#8221;no&#8221; type=&#8221;full_width&#8221; angled_section=&#8221;no&#8221; text_align=&#8221;left&#8221; background_image_as_pattern=&#8221;without_pattern&#8221; css=&#8221;.vc_custom_1624969994265{background-image: url(https:\/\/tensegrity.se\/wp-content\/uploads\/2021\/06\/b081403b6f.png?id=34) !important;}&#8221; z_index=&#8221;&#8221; el_class=&#8221;section_2&#8243;][vc_column][vc_row_inner row_type=&#8221;row&#8221; type=&#8221;grid&#8221; text_align=&#8221;left&#8221; css_animation=&#8221;&#8221;][vc_column_inner el_class=&#8221;text&#8221; width=&#8221;1\/2&#8243;][vc_column_text el_class=&#8221;padding&#8221;] HAND-BUILT WHEELS OF THE HIGHEST QUALITY [\/vc_column_text][vc_column_text]The goal for me to start Tensegrity.se has been to build wheels&#8230;<\/p>\n","protected":false},"author":1,"featured_media":0,"parent":0,"menu_order":0,"comment_status":"closed","ping_status":"closed","template":"full_width.php","meta":{"_acf_changed":false,"footnotes":""},"class_list":["post-9","page","type-page","status-publish","hentry"],"acf":[],"yoast_head":"<!-- This site is optimized with the Yoast SEO plugin v27.1.1 - https:\/\/yoast.com\/product\/yoast-seo-wordpress\/ -->\n<title>Home - Tensegrity<\/title>\n<meta name=\"robots\" content=\"index, follow, max-snippet:-1, max-image-preview:large, max-video-preview:-1\" \/>\n<link rel=\"canonical\" href=\"https:\/\/tensegrity.se\/sv\/\" \/>\n<meta property=\"og:locale\" content=\"sv_SE\" \/>\n<meta property=\"og:type\" content=\"article\" \/>\n<meta property=\"og:title\" content=\"Home - Tensegrity\" \/>\n<meta property=\"og:description\" content=\"[vc_row css_animation=&#8221;&#8221; row_type=&#8221;row&#8221; use_row_as_full_screen_section=&#8221;no&#8221; type=&#8221;full_width&#8221; angled_section=&#8221;no&#8221; text_align=&#8221;left&#8221; background_image_as_pattern=&#8221;without_pattern&#8221;][vc_column][\/vc_column][\/vc_row][vc_row css_animation=&#8221;&#8221; row_type=&#8221;row&#8221; use_row_as_full_screen_section=&#8221;no&#8221; type=&#8221;full_width&#8221; angled_section=&#8221;no&#8221; text_align=&#8221;left&#8221; background_image_as_pattern=&#8221;without_pattern&#8221; css=&#8221;.vc_custom_1624969994265{background-image: url(https:\/\/tensegrity.se\/wp-content\/uploads\/2021\/06\/b081403b6f.png?id=34) !important;}&#8221; z_index=&#8221;&#8221; el_class=&#8221;section_2&#8243;][vc_column][vc_row_inner row_type=&#8221;row&#8221; type=&#8221;grid&#8221; text_align=&#8221;left&#8221; css_animation=&#8221;&#8221;][vc_column_inner el_class=&#8221;text&#8221; width=&#8221;1\/2&#8243;][vc_column_text el_class=&#8221;padding&#8221;] HAND-BUILT WHEELS OF THE HIGHEST QUALITY [\/vc_column_text][vc_column_text]The goal for me to start Tensegrity.se has been to build wheels...\" \/>\n<meta property=\"og:url\" content=\"https:\/\/tensegrity.se\/sv\/\" \/>\n<meta property=\"og:site_name\" content=\"Tensegrity\" \/>\n<meta property=\"article:modified_time\" content=\"2023-03-31T09:57:24+00:00\" \/>\n<meta name=\"twitter:card\" content=\"summary_large_image\" \/>\n<meta name=\"twitter:label1\" content=\"Ber\u00e4knad l\u00e4stid\" \/>\n\t<meta name=\"twitter:data1\" content=\"3 minuter\" \/>\n<script type=\"application\/ld+json\" class=\"yoast-schema-graph\">{\"@context\":\"https:\/\/schema.org\",\"@graph\":[{\"@type\":\"WebPage\",\"@id\":\"https:\/\/tensegrity.se\/sv\/\",\"url\":\"https:\/\/tensegrity.se\/sv\/\",\"name\":\"Home - Tensegrity\",\"isPartOf\":{\"@id\":\"https:\/\/tensegrity.se\/en\/#website\"},\"datePublished\":\"2021-06-29T09:08:24+00:00\",\"dateModified\":\"2023-03-31T09:57:24+00:00\",\"breadcrumb\":{\"@id\":\"https:\/\/tensegrity.se\/sv\/#breadcrumb\"},\"inLanguage\":\"sv-SE\",\"potentialAction\":[{\"@type\":\"ReadAction\",\"target\":[\"https:\/\/tensegrity.se\/sv\/\"]}]},{\"@type\":\"BreadcrumbList\",\"@id\":\"https:\/\/tensegrity.se\/sv\/#breadcrumb\",\"itemListElement\":[{\"@type\":\"ListItem\",\"position\":1,\"name\":\"Home\",\"item\":\"https:\/\/tensegrity.se\/sv\/\"},{\"@type\":\"ListItem\",\"position\":2,\"name\":\"Home\"}]},{\"@type\":\"WebSite\",\"@id\":\"https:\/\/tensegrity.se\/en\/#website\",\"url\":\"https:\/\/tensegrity.se\/en\/\",\"name\":\"Tensegrity\",\"description\":\"Built to last\",\"potentialAction\":[{\"@type\":\"SearchAction\",\"target\":{\"@type\":\"EntryPoint\",\"urlTemplate\":\"https:\/\/tensegrity.se\/en\/?s={search_term_string}\"},\"query-input\":{\"@type\":\"PropertyValueSpecification\",\"valueRequired\":true,\"valueName\":\"search_term_string\"}}],\"inLanguage\":\"sv-SE\"}]}<\/script>\n<!-- \/ Yoast SEO plugin. -->","yoast_head_json":{"title":"Home - Tensegrity","robots":{"index":"index","follow":"follow","max-snippet":"max-snippet:-1","max-image-preview":"max-image-preview:large","max-video-preview":"max-video-preview:-1"},"canonical":"https:\/\/tensegrity.se\/sv\/","og_locale":"sv_SE","og_type":"article","og_title":"Home - Tensegrity","og_description":"[vc_row css_animation=&#8221;&#8221; row_type=&#8221;row&#8221; use_row_as_full_screen_section=&#8221;no&#8221; type=&#8221;full_width&#8221; angled_section=&#8221;no&#8221; text_align=&#8221;left&#8221; background_image_as_pattern=&#8221;without_pattern&#8221;][vc_column][\/vc_column][\/vc_row][vc_row css_animation=&#8221;&#8221; row_type=&#8221;row&#8221; use_row_as_full_screen_section=&#8221;no&#8221; type=&#8221;full_width&#8221; angled_section=&#8221;no&#8221; text_align=&#8221;left&#8221; background_image_as_pattern=&#8221;without_pattern&#8221; css=&#8221;.vc_custom_1624969994265{background-image: url(https:\/\/tensegrity.se\/wp-content\/uploads\/2021\/06\/b081403b6f.png?id=34) !important;}&#8221; z_index=&#8221;&#8221; el_class=&#8221;section_2&#8243;][vc_column][vc_row_inner row_type=&#8221;row&#8221; type=&#8221;grid&#8221; text_align=&#8221;left&#8221; css_animation=&#8221;&#8221;][vc_column_inner el_class=&#8221;text&#8221; width=&#8221;1\/2&#8243;][vc_column_text el_class=&#8221;padding&#8221;] HAND-BUILT WHEELS OF THE HIGHEST QUALITY [\/vc_column_text][vc_column_text]The goal for me to start Tensegrity.se has been to build wheels...","og_url":"https:\/\/tensegrity.se\/sv\/","og_site_name":"Tensegrity","article_modified_time":"2023-03-31T09:57:24+00:00","twitter_card":"summary_large_image","twitter_misc":{"Ber\u00e4knad l\u00e4stid":"3 minuter"},"schema":{"@context":"https:\/\/schema.org","@graph":[{"@type":"WebPage","@id":"https:\/\/tensegrity.se\/sv\/","url":"https:\/\/tensegrity.se\/sv\/","name":"Home - Tensegrity","isPartOf":{"@id":"https:\/\/tensegrity.se\/en\/#website"},"datePublished":"2021-06-29T09:08:24+00:00","dateModified":"2023-03-31T09:57:24+00:00","breadcrumb":{"@id":"https:\/\/tensegrity.se\/sv\/#breadcrumb"},"inLanguage":"sv-SE","potentialAction":[{"@type":"ReadAction","target":["https:\/\/tensegrity.se\/sv\/"]}]},{"@type":"BreadcrumbList","@id":"https:\/\/tensegrity.se\/sv\/#breadcrumb","itemListElement":[{"@type":"ListItem","position":1,"name":"Home","item":"https:\/\/tensegrity.se\/sv\/"},{"@type":"ListItem","position":2,"name":"Home"}]},{"@type":"WebSite","@id":"https:\/\/tensegrity.se\/en\/#website","url":"https:\/\/tensegrity.se\/en\/","name":"Tensegrity","description":"Built to last","potentialAction":[{"@type":"SearchAction","target":{"@type":"EntryPoint","urlTemplate":"https:\/\/tensegrity.se\/en\/?s={search_term_string}"},"query-input":{"@type":"PropertyValueSpecification","valueRequired":true,"valueName":"search_term_string"}}],"inLanguage":"sv-SE"}]}},"_links":{"self":[{"href":"https:\/\/tensegrity.se\/sv\/wp-json\/wp\/v2\/pages\/9","targetHints":{"allow":["GET"]}}],"collection":[{"href":"https:\/\/tensegrity.se\/sv\/wp-json\/wp\/v2\/pages"}],"about":[{"href":"https:\/\/tensegrity.se\/sv\/wp-json\/wp\/v2\/types\/page"}],"author":[{"embeddable":true,"href":"https:\/\/tensegrity.se\/sv\/wp-json\/wp\/v2\/users\/1"}],"replies":[{"embeddable":true,"href":"https:\/\/tensegrity.se\/sv\/wp-json\/wp\/v2\/comments?post=9"}],"version-history":[{"count":44,"href":"https:\/\/tensegrity.se\/sv\/wp-json\/wp\/v2\/pages\/9\/revisions"}],"predecessor-version":[{"id":1008,"href":"https:\/\/tensegrity.se\/sv\/wp-json\/wp\/v2\/pages\/9\/revisions\/1008"}],"wp:attachment":[{"href":"https:\/\/tensegrity.se\/sv\/wp-json\/wp\/v2\/media?parent=9"}],"curies":[{"name":"wp","href":"https:\/\/api.w.org\/{rel}","templated":true}]}}